{"id":3597,"date":"2023-11-29T01:43:18","date_gmt":"2023-11-29T01:43:18","guid":{"rendered":"http:\/\/www.bravoconsultoressas.com\/sitio\/?page_id=3597"},"modified":"2025-02-26T20:20:13","modified_gmt":"2025-02-26T20:20:13","slug":"constultoria-organizacional","status":"publish","type":"page","link":"https:\/\/www.bravoconsultoressas.com\/sitio\/constultoria-organizacional\/","title":{"rendered":"CONSULTOR\u00cdA EN ESTRATEGIA ORGANIZACIONAL"},"content":{"rendered":"<div class=\"wpb-content-wrapper\"><p>[vc_row][vc_column width=&#8221;1\/2&#8243;][vc_single_image image=&#8221;3681&#8243; img_size=&#8221;full&#8221; alignment=&#8221;center&#8221; css=&#8221;.vc_custom_1740600105943{margin-bottom: 0px !important;}&#8221;][\/vc_column][vc_column width=&#8221;1\/2&#8243;][heading title=&#8221;Consultor\u00eda en Estrategia Organizacional&#8221; style=&#8221;8&#8243;][vc_column_text]<\/p>\n<ul>\n<li>Planeaci\u00f3n Estrat\u00e9gica<\/li>\n<li>Estrategia Organizacional<\/li>\n<li>Gesti\u00f3n del Talento Humano<\/li>\n<li>Gesti\u00f3n de Compensaci\u00f3n y Beneficios<\/li>\n<li>Dise\u00f1o del Sistema de Informaci\u00f3n<\/li>\n<li>Estrategia de Responsabilidad Social<\/li>\n<li>Estrategia de Sostenibilidad Empresarial<\/li>\n<\/ul>\n<p>[\/vc_column_text][\/vc_column][\/vc_row]<\/p>\n<\/div>","protected":false},"excerpt":{"rendered":"<p>[vc_row][vc_column width=&#8221;1\/2&#8243;][vc_single_image image=&#8221;3681&#8243; img_size=&#8221;full&#8221; alignment=&#8221;center&#8221; css=&#8221;.vc_custom_1740600105943{margin-bottom: 0px !important;}&#8221;][\/vc_column][vc_column width=&#8221;1\/2&#8243;][heading title=&#8221;Consultor\u00eda en Estrategia Organizacional&#8221; style=&#8221;8&#8243;][vc_column_text] Planeaci\u00f3n Estrat\u00e9gica Estrategia Organizacional Gesti\u00f3n del Talento Humano Gesti\u00f3n de Compensaci\u00f3n y Beneficios Dise\u00f1o del Sistema de Informaci\u00f3n Estrategia de Responsabilidad Social Estrategia de Sostenibilidad Empresarial [\/vc_column_text][\/vc_column][\/vc_row]<\/p>\n","protected":false},"author":1,"featured_media":0,"parent":0,"menu_order":0,"comment_status":"open","ping_status":"closed","template":"full-width.php","meta":{"_joinchat":[],"footnotes":""},"class_list":["post-3597","page","type-page","status-publish","hentry"],"_links":{"self":[{"href":"https:\/\/www.bravoconsultoressas.com\/sitio\/wp-json\/wp\/v2\/pages\/3597","targetHints":{"allow":["GET"]}}],"collection":[{"href":"https:\/\/www.bravoconsultoressas.com\/sitio\/wp-json\/wp\/v2\/pages"}],"about":[{"href":"https:\/\/www.bravoconsultoressas.com\/sitio\/wp-json\/wp\/v2\/types\/page"}],"author":[{"embeddable":true,"href":"https:\/\/www.bravoconsultoressas.com\/sitio\/wp-json\/wp\/v2\/users\/1"}],"replies":[{"embeddable":true,"href":"https:\/\/www.bravoconsultoressas.com\/sitio\/wp-json\/wp\/v2\/comments?post=3597"}],"version-history":[{"count":10,"href":"https:\/\/www.bravoconsultoressas.com\/sitio\/wp-json\/wp\/v2\/pages\/3597\/revisions"}],"predecessor-version":[{"id":3682,"href":"https:\/\/www.bravoconsultoressas.com\/sitio\/wp-json\/wp\/v2\/pages\/3597\/revisions\/3682"}],"wp:attachment":[{"href":"https:\/\/www.bravoconsultoressas.com\/sitio\/wp-json\/wp\/v2\/media?parent=3597"}],"curies":[{"name":"wp","href":"https:\/\/api.w.org\/{rel}","templated":true}]}}