{"id":3593,"date":"2023-11-29T01:39:56","date_gmt":"2023-11-29T01:39:56","guid":{"rendered":"http:\/\/www.bravoconsultoressas.com\/sitio\/?page_id=3593"},"modified":"2025-02-26T20:21:34","modified_gmt":"2025-02-26T20:21:34","slug":"consultoria-financiera","status":"publish","type":"page","link":"https:\/\/www.bravoconsultoressas.com\/sitio\/consultoria-financiera\/","title":{"rendered":"Consultor\u00eda Financiera"},"content":{"rendered":"<div class=\"wpb-content-wrapper\"><p>[vc_row][vc_column width=&#8221;1\/2&#8243;][vc_single_image image=&#8221;3661&#8243; img_size=&#8221;full&#8221; alignment=&#8221;center&#8221; css=&#8221;.vc_custom_1740079571267{margin-bottom: 0px !important;}&#8221;][\/vc_column][vc_column width=&#8221;1\/2&#8243;][heading title=&#8221;Consultor\u00eda Financiera&#8221; style=&#8221;8&#8243;][vc_column_text]<\/p>\n<ul>\n<li>Estrategia en la Estructura Financiera<\/li>\n<li>An\u00e1lisis de la Proyecci\u00f3n de Inversi\u00f3n<\/li>\n<li>An\u00e1lisis Financiero<\/li>\n<li>Estructura de Ingresos, Costos y Gastos<\/li>\n<li>Fuentes de Financiaci\u00f3n<\/li>\n<\/ul>\n<p>[\/vc_column_text][\/vc_column][\/vc_row]<\/p>\n<\/div>","protected":false},"excerpt":{"rendered":"<p>[vc_row][vc_column width=&#8221;1\/2&#8243;][vc_single_image image=&#8221;3661&#8243; img_size=&#8221;full&#8221; alignment=&#8221;center&#8221; css=&#8221;.vc_custom_1740079571267{margin-bottom: 0px !important;}&#8221;][\/vc_column][vc_column width=&#8221;1\/2&#8243;][heading title=&#8221;Consultor\u00eda Financiera&#8221; style=&#8221;8&#8243;][vc_column_text] Estrategia en la Estructura Financiera An\u00e1lisis de la Proyecci\u00f3n de Inversi\u00f3n An\u00e1lisis Financiero Estructura de Ingresos, Costos y Gastos Fuentes de Financiaci\u00f3n [\/vc_column_text][\/vc_column][\/vc_row]<\/p>\n","protected":false},"author":1,"featured_media":0,"parent":0,"menu_order":0,"comment_status":"open","ping_status":"closed","template":"full-width.php","meta":{"_joinchat":[],"footnotes":""},"class_list":["post-3593","page","type-page","status-publish","hentry"],"_links":{"self":[{"href":"https:\/\/www.bravoconsultoressas.com\/sitio\/wp-json\/wp\/v2\/pages\/3593","targetHints":{"allow":["GET"]}}],"collection":[{"href":"https:\/\/www.bravoconsultoressas.com\/sitio\/wp-json\/wp\/v2\/pages"}],"about":[{"href":"https:\/\/www.bravoconsultoressas.com\/sitio\/wp-json\/wp\/v2\/types\/page"}],"author":[{"embeddable":true,"href":"https:\/\/www.bravoconsultoressas.com\/sitio\/wp-json\/wp\/v2\/users\/1"}],"replies":[{"embeddable":true,"href":"https:\/\/www.bravoconsultoressas.com\/sitio\/wp-json\/wp\/v2\/comments?post=3593"}],"version-history":[{"count":5,"href":"https:\/\/www.bravoconsultoressas.com\/sitio\/wp-json\/wp\/v2\/pages\/3593\/revisions"}],"predecessor-version":[{"id":3662,"href":"https:\/\/www.bravoconsultoressas.com\/sitio\/wp-json\/wp\/v2\/pages\/3593\/revisions\/3662"}],"wp:attachment":[{"href":"https:\/\/www.bravoconsultoressas.com\/sitio\/wp-json\/wp\/v2\/media?parent=3593"}],"curies":[{"name":"wp","href":"https:\/\/api.w.org\/{rel}","templated":true}]}}